{"id":1034,"date":"2024-02-10T13:42:35","date_gmt":"2024-02-10T13:42:35","guid":{"rendered":"https:\/\/startersites.io\/elementor\/smile-dent\/?page_id=1034"},"modified":"2025-05-25T22:48:58","modified_gmt":"2025-05-25T22:48:58","slug":"about-us","status":"publish","type":"page","link":"https:\/\/csdpar.com\/?page_id=1034","title":{"rendered":"A propos"},"content":{"rendered":"\t\t<div data-elementor-type=\"wp-page\" data-elementor-id=\"1034\" class=\"elementor elementor-1034\">\n\t\t\t\t<div class=\"elementor-element elementor-element-21fc403 e-flex e-con-boxed e-con e-parent\" data-id=\"21fc403\" data-element_type=\"container\" data-e-type=\"container\">\n\t\t\t\t\t<div class=\"e-con-inner\">\n\t\t<div class=\"elementor-element elementor-element-3b99d1b e-flex e-con-boxed e-con e-child\" data-id=\"3b99d1b\" data-element_type=\"container\" data-e-type=\"container\" data-settings=\"{&quot;background_background&quot;:&quot;classic&quot;}\">\n\t\t\t\t\t<div class=\"e-con-inner\">\n\t\t<div class=\"elementor-element elementor-element-808fb92 e-con-full e-flex e-con e-child\" data-id=\"808fb92\" data-element_type=\"container\" data-e-type=\"container\">\n\t\t\t\t<div class=\"elementor-element elementor-element-69e14f5 elementor-widget elementor-widget-heading\" data-id=\"69e14f5\" data-element_type=\"widget\" data-e-type=\"widget\" data-widget_type=\"heading.default\">\n\t\t\t\t<div class=\"elementor-widget-container\">\n\t\t\t\t\t<h2 class=\"elementor-heading-title elementor-size-default\">A propos de CSDPAR<\/h2>\t\t\t\t<\/div>\n\t\t\t\t<\/div>\n\t\t\t\t<div class=\"elementor-element elementor-element-7fca67a elementor-widget elementor-widget-text-editor\" data-id=\"7fca67a\" data-element_type=\"widget\" data-e-type=\"widget\" data-widget_type=\"text-editor.default\">\n\t\t\t\t<div class=\"elementor-widget-container\">\n\t\t\t\t\t\t\t\t\t<p>La personne \u00e2g\u00e9e, consid\u00e9r\u00e9e comme un \u00eatre tr\u00e8s fragile et sensible, a besoin d&#8217;une attention particuli\u00e8re et d&#8217;un \u00e9panouissement total. A cet effet, \u00e0 travers son organisation, elle est parvenue \u00e0 cr\u00e9er le Centre d\u2019Accueil d\u2019\u00c9coute et de Soins pour les Personnes \u00e2g\u00e9es et Retrait\u00e9es (CAES\/PAR) en 2002, pour garantir la prise en charge sanitaire de ses membres et de la population riveraine. Tous ses membres b\u00e9n\u00e9ficient des soins infirmiers et m\u00e9dicaux ainsi que des analyses biologiques \u00e0 un co\u00fbt r\u00e9duit de 20%<\/p>\t\t\t\t\t\t\t\t<\/div>\n\t\t\t\t<\/div>\n\t\t\t\t<\/div>\n\t\t<div class=\"elementor-element elementor-element-ee88ee0 e-con-full e-flex e-con e-child\" data-id=\"ee88ee0\" data-element_type=\"container\" data-e-type=\"container\">\n\t\t\t\t<div class=\"elementor-element elementor-element-876b21e elementor-widget elementor-widget-image\" data-id=\"876b21e\" data-element_type=\"widget\" data-e-type=\"widget\" data-widget_type=\"image.default\">\n\t\t\t\t<div class=\"elementor-widget-container\">\n\t\t\t\t\t\t\t\t\t\t\t\t\t\t\t<img fetchpriority=\"high\" decoding=\"async\" width=\"1024\" height=\"768\" src=\"https:\/\/csdpar.com\/wp-content\/uploads\/2025\/04\/image-1.jpg\" class=\"attachment-large size-large wp-image-2456\" alt=\"\" srcset=\"https:\/\/csdpar.com\/wp-content\/uploads\/2025\/04\/image-1.jpg 1024w, https:\/\/csdpar.com\/wp-content\/uploads\/2025\/04\/image-1-300x225.jpg 300w, https:\/\/csdpar.com\/wp-content\/uploads\/2025\/04\/image-1-768x576.jpg 768w\" sizes=\"(max-width: 1024px) 100vw, 1024px\" \/>\t\t\t\t\t\t\t\t\t\t\t\t\t\t\t<\/div>\n\t\t\t\t<\/div>\n\t\t\t\t<\/div>\n\t\t\t\t\t<\/div>\n\t\t\t\t<\/div>\n\t\t\t\t\t<\/div>\n\t\t\t\t<\/div>\n\t\t<div class=\"elementor-element elementor-element-05d5f64 e-flex e-con-boxed e-con e-parent\" data-id=\"05d5f64\" data-element_type=\"container\" data-e-type=\"container\">\n\t\t\t\t\t<div class=\"e-con-inner\">\n\t\t<div class=\"elementor-element elementor-element-3d05ddc e-con-full e-flex e-con e-child\" data-id=\"3d05ddc\" data-element_type=\"container\" data-e-type=\"container\" data-settings=\"{&quot;background_background&quot;:&quot;classic&quot;}\">\n\t\t\t\t<div class=\"elementor-element elementor-element-14fa9a9 elementor-widget elementor-widget-image\" data-id=\"14fa9a9\" data-element_type=\"widget\" data-e-type=\"widget\" data-widget_type=\"image.default\">\n\t\t\t\t<div class=\"elementor-widget-container\">\n\t\t\t\t\t\t\t\t\t\t\t\t\t\t\t<img decoding=\"async\" width=\"1024\" height=\"768\" src=\"https:\/\/csdpar.com\/wp-content\/uploads\/2025\/04\/image-2.jpg\" class=\"attachment-large size-large wp-image-2455\" alt=\"\" srcset=\"https:\/\/csdpar.com\/wp-content\/uploads\/2025\/04\/image-2.jpg 1024w, https:\/\/csdpar.com\/wp-content\/uploads\/2025\/04\/image-2-300x225.jpg 300w, https:\/\/csdpar.com\/wp-content\/uploads\/2025\/04\/image-2-768x576.jpg 768w\" sizes=\"(max-width: 1024px) 100vw, 1024px\" \/>\t\t\t\t\t\t\t\t\t\t\t\t\t\t\t<\/div>\n\t\t\t\t<\/div>\n\t\t\t\t<\/div>\n\t\t<div class=\"elementor-element elementor-element-37c51f6 e-con-full e-flex e-con e-child\" data-id=\"37c51f6\" data-element_type=\"container\" data-e-type=\"container\">\n\t\t\t\t<div class=\"elementor-element elementor-element-0870c5c elementor-widget elementor-widget-heading\" data-id=\"0870c5c\" data-element_type=\"widget\" data-e-type=\"widget\" data-widget_type=\"heading.default\">\n\t\t\t\t<div class=\"elementor-widget-container\">\n\t\t\t\t\t<h1 class=\"elementor-heading-title elementor-size-default\">Justification<\/h1>\t\t\t\t<\/div>\n\t\t\t\t<\/div>\n\t\t\t\t<div class=\"elementor-element elementor-element-793e645 elementor-widget elementor-widget-text-editor\" data-id=\"793e645\" data-element_type=\"widget\" data-e-type=\"widget\" data-widget_type=\"text-editor.default\">\n\t\t\t\t<div class=\"elementor-widget-container\">\n\t\t\t\t\t\t\t\t\t<ul><li><em><strong>Les r\u00f4les et pr\u00e9rogatives des personnes \u00e2g\u00e9es en Afrique traditionnelle<\/strong><\/em><\/li><\/ul>\t\t\t\t\t\t\t\t<\/div>\n\t\t\t\t<\/div>\n\t\t\t\t<div class=\"elementor-element elementor-element-89343c4 elementor-align-start elementor-icon-list--layout-traditional elementor-list-item-link-full_width elementor-widget elementor-widget-icon-list\" data-id=\"89343c4\" data-element_type=\"widget\" data-e-type=\"widget\" data-widget_type=\"icon-list.default\">\n\t\t\t\t<div class=\"elementor-widget-container\">\n\t\t\t\t\t\t\t<ul class=\"elementor-icon-list-items\">\n\t\t\t\t\t\t\t<li class=\"elementor-icon-list-item\">\n\t\t\t\t\t\t\t\t\t\t<span class=\"elementor-icon-list-text\">En Afrique en g\u00e9n\u00e9ral et au Burkina-Faso en particulier, les personnes \u00e2g\u00e9es demeurent dans leurs familles et occupent une place \u00e9minente. Elles jouent le r\u00f4le de m\u00e9diateurs et d\u2019\u00e9ducateurs moraux. Elles sont au centre de nos pr\u00e9occupations quotidiennes car aim\u00e9es de tous. Malheureusement au Burkina-Faso, il n\u2019existe pas de structures sociales et m\u00e9dicales ad\u00e9quates pour satisfaire leurs besoins fondamentaux.<\/span>\n\t\t\t\t\t\t\t\t\t<\/li>\n\t\t\t\t\t\t\t\t<li class=\"elementor-icon-list-item\">\n\t\t\t\t\t\t\t\t\t\t<span class=\"elementor-icon-list-text\">Les structures sociales et m\u00e9dicales existantes sont orient\u00e9es prioritairement vers, la prise en charge de la m\u00e8re et de l\u2019enfant, de l\u2019adulte et ne font aucune place aux sujets \u00e2g\u00e9s.<\/span>\n\t\t\t\t\t\t\t\t\t<\/li>\n\t\t\t\t\t\t\t\t<li class=\"elementor-icon-list-item\">\n\t\t\t\t\t\t\t\t\t\t<span class=\"elementor-icon-list-text\">Bien que les personnes \u00e2g\u00e9es soient toujours dans des familles, force est de constater que de plus en plus, elles sont souffrantes ou soumises \u00e0 une banalisation de leur pathologie \u00e0 cause du peu de moyens disponible et du manque de structures ad\u00e9quates.<\/span>\n\t\t\t\t\t\t\t\t\t<\/li>\n\t\t\t\t\t\t\t\t<li class=\"elementor-icon-list-item\">\n\t\t\t\t\t\t\t\t\t\t<span class=\"elementor-icon-list-text\">De ce fait il est absolument souhaitable que la prise en charge psychosociale et m\u00e9dicale de ces personnes \u00e2g\u00e9es se fasse avec la participation de la famille enti\u00e8re.<\/span>\n\t\t\t\t\t\t\t\t\t<\/li>\n\t\t\t\t\t\t<\/ul>\n\t\t\t\t\t\t<\/div>\n\t\t\t\t<\/div>\n\t\t\t\t<div class=\"elementor-element elementor-element-e25af06 elementor-widget elementor-widget-text-editor\" data-id=\"e25af06\" data-element_type=\"widget\" data-e-type=\"widget\" data-widget_type=\"text-editor.default\">\n\t\t\t\t<div class=\"elementor-widget-container\">\n\t\t\t\t\t\t\t\t\t<ul><li><em><strong>Les mutations sociales et d\u00e9valorisation du statut des personnes \u00e2g\u00e9es<\/strong><\/em><\/li><\/ul>\t\t\t\t\t\t\t\t<\/div>\n\t\t\t\t<\/div>\n\t\t\t\t<div class=\"elementor-element elementor-element-be2b022 elementor-icon-list--layout-traditional elementor-list-item-link-full_width elementor-widget elementor-widget-icon-list\" data-id=\"be2b022\" data-element_type=\"widget\" data-e-type=\"widget\" data-widget_type=\"icon-list.default\">\n\t\t\t\t<div class=\"elementor-widget-container\">\n\t\t\t\t\t\t\t<ul class=\"elementor-icon-list-items\">\n\t\t\t\t\t\t\t<li class=\"elementor-icon-list-item\">\n\t\t\t\t\t\t\t\t\t\t<span class=\"elementor-icon-list-text\">Du fait de la r\u00e9duction importante de la taille des familles, de la d\u00e9sorganisation des modes de production, de la d\u00e9sagr\u00e9gation des tissus sociologiques et des difficult\u00e9s \u00e9conomiques importantes, la personne \u00e2g\u00e9e se retrouve de plus en plus isol\u00e9e et ses besoins constituent de moins en moins des pr\u00e9occupations pour sa communaut\u00e9. On observe ainsi des situations d\u2019isolement graves, des probl\u00e8mes de sant\u00e9 complexe chez ces personnes qui ne b\u00e9n\u00e9ficient pas d\u2019assistance sociale formalis\u00e9e <span class=\"elementor-icon-list-text\">d'o\u00f9 la cr\u00e9ation du Centre d'Acceuil, d'\u00c9coute et de Soins pour Personnes \u00c2g\u00e9es et Retrait\u00e9es (CAES\/PAR)<\/span>.<\/span>\n\t\t\t\t\t\t\t\t\t<\/li>\n\t\t\t\t\t\t<\/ul>\n\t\t\t\t\t\t<\/div>\n\t\t\t\t<\/div>\n\t\t\t\t<\/div>\n\t\t\t\t\t<\/div>\n\t\t\t\t<\/div>\n\t\t<div class=\"elementor-element elementor-element-9a04599 e-flex e-con-boxed e-con e-parent\" data-id=\"9a04599\" data-element_type=\"container\" data-e-type=\"container\">\n\t\t\t\t\t<div class=\"e-con-inner\">\n\t\t\t\t<div class=\"elementor-element elementor-element-2fb1321 elementor-widget elementor-widget-heading\" data-id=\"2fb1321\" data-element_type=\"widget\" data-e-type=\"widget\" data-widget_type=\"heading.default\">\n\t\t\t\t<div class=\"elementor-widget-container\">\n\t\t\t\t\t<h2 class=\"elementor-heading-title elementor-size-default\">Historique de l\u2019action du CAES\/PAR<\/h2>\t\t\t\t<\/div>\n\t\t\t\t<\/div>\n\t\t\t\t<div class=\"elementor-element elementor-element-daf8912 elementor-icon-list--layout-traditional elementor-list-item-link-full_width elementor-widget elementor-widget-icon-list\" data-id=\"daf8912\" data-element_type=\"widget\" data-e-type=\"widget\" data-widget_type=\"icon-list.default\">\n\t\t\t\t<div class=\"elementor-widget-container\">\n\t\t\t\t\t\t\t<ul class=\"elementor-icon-list-items\">\n\t\t\t\t\t\t\t<li class=\"elementor-icon-list-item\">\n\t\t\t\t\t\t\t\t\t\t<span class=\"elementor-icon-list-text\">Le CAES\/PAR est une structure de sant\u00e9 \u00e0 but humanitaire et social, reconnu par le minist\u00e8re de la sant\u00e9 par l\u2019arr\u00eat\u00e9 n\u00b0 2002-105\/MS\/CAB du 11 mars 2002.<\/span>\n\t\t\t\t\t\t\t\t\t<\/li>\n\t\t\t\t\t\t\t\t<li class=\"elementor-icon-list-item\">\n\t\t\t\t\t\t\t\t\t\t<span class=\"elementor-icon-list-text\">Il a vu le jour des suites d\u2019initiatives d\u2019un groupe de personnes soucieuses des probl\u00e8mes de sant\u00e9 des personnes \u00e2g\u00e9es. Ainsi le projet que nous vous proposons s\u2019inscrit dans un programme plus vaste visant \u00e0 une am\u00e9lioration de la prise en charge des personnes \u00e2g\u00e9es de fa\u00e7on uniforme sur l\u2019ensemble de notre r\u00e9gion. Un tel projet passe par la multiplication des structures du type CAES\/PAR.<\/span>\n\t\t\t\t\t\t\t\t\t<\/li>\n\t\t\t\t\t\t\t\t<li class=\"elementor-icon-list-item\">\n\t\t\t\t\t\t\t\t\t\t<span class=\"elementor-icon-list-text\">Le premier centre a ouvert ses portes en mars 2001. Il re\u00e7oit prioritairement les patients de 50 ans sans discrimination sexuelle, ethnique, religieuse ou politique. Il accueille \u00e9galement les cas d\u2019urgences, les personnes en d\u00e9tresse et celles vivant avec le V.I.H \/ SIDA. Plus qu\u2019un simple centre de soins et d\u2019accueil, le CAES\/PAR accueille dans ses locaux une pharmacie g\u00e9n\u00e9rique ouverte \u00e0 tous.<\/span>\n\t\t\t\t\t\t\t\t\t<\/li>\n\t\t\t\t\t\t\t\t<li class=\"elementor-icon-list-item\">\n\t\t\t\t\t\t\t\t\t\t<span class=\"elementor-icon-list-text\">En 2004, et devant le succ\u00e8s rencontr\u00e9 par l\u2019organisation tant pour le volet relatif aux personnes \u00e2g\u00e9es que pour le volet pharmaceutique, l\u2019id\u00e9e de l\u2019extension du programme s\u2019est impos\u00e9e. En effet, le Centre existant, compte tenu de sa faible capacit\u00e9 d\u2019accueil ne r\u00e9pondait plus aux normes d\u2019une structure sanitaire, parce qu\u2019il connaissait un afflux de la population (environ 40 \u00e0 50 malades par jour). Une \u00e9tude statistique a donc \u00e9t\u00e9 r\u00e9alis\u00e9e par nos services afin de mettre en relief l\u2019int\u00e9r\u00eat d\u2019\u00e9tendre et d\u00e9concentrer les activit\u00e9s du CAES\/PAR dans un cadre plus spacieux.<\/span>\n\t\t\t\t\t\t\t\t\t<\/li>\n\t\t\t\t\t\t<\/ul>\n\t\t\t\t\t\t<\/div>\n\t\t\t\t<\/div>\n\t\t\t\t\t<\/div>\n\t\t\t\t<\/div>\n\t\t<div class=\"elementor-element elementor-element-53b7f06 e-flex e-con-boxed e-con e-parent\" data-id=\"53b7f06\" data-element_type=\"container\" data-e-type=\"container\" data-settings=\"{&quot;background_background&quot;:&quot;gradient&quot;}\">\n\t\t\t\t\t<div class=\"e-con-inner\">\n\t\t<div class=\"elementor-element elementor-element-48a6fd3 e-flex e-con-boxed e-con e-child\" data-id=\"48a6fd3\" data-element_type=\"container\" data-e-type=\"container\" data-settings=\"{&quot;background_background&quot;:&quot;classic&quot;}\">\n\t\t\t\t\t<div class=\"e-con-inner\">\n\t\t<div class=\"elementor-element elementor-element-4574ed9 e-con-full e-flex e-con e-child\" data-id=\"4574ed9\" data-element_type=\"container\" data-e-type=\"container\">\n\t\t\t\t<div class=\"elementor-element elementor-element-7912f87 elementor-widget elementor-widget-heading\" data-id=\"7912f87\" data-element_type=\"widget\" data-e-type=\"widget\" data-widget_type=\"heading.default\">\n\t\t\t\t<div class=\"elementor-widget-container\">\n\t\t\t\t\t<h3 class=\"elementor-heading-title elementor-size-default\">Conditions d'adh\u00e9sion<\/h3>\t\t\t\t<\/div>\n\t\t\t\t<\/div>\n\t\t\t\t<div class=\"elementor-element elementor-element-7901c9d elementor-widget elementor-widget-text-editor\" data-id=\"7901c9d\" data-element_type=\"widget\" data-e-type=\"widget\" data-widget_type=\"text-editor.default\">\n\t\t\t\t<div class=\"elementor-widget-container\">\n\t\t\t\t\t\t\t\t\t<p>Peuvent \u00eatre membres et b\u00e9n\u00e9ficier des avantages, toute personne \u00e2g\u00e9e, retrait\u00e9e et des sympathisants qui adh\u00e8rent qux textes statutaires du CSDPAR. L&#8217;adh\u00e9sion est individuelle et donne droit \u00e0 une carte de membre. <br \/>Le droit d&#8217;adh\u00e9sion est fix\u00e9 \u00e0 mille (1000) francs CFA, les cotisations sont de cinq cent (500) francs CFA\u00a0 par trimestre pour les pensionn\u00e9es et les commer\u00e7ants, et cent (100) francs CFA\u00a0 par mois pour les autres cat\u00e9gories. La carte de membre est de deux cent (200) francs CFA<\/p>\t\t\t\t\t\t\t\t<\/div>\n\t\t\t\t<\/div>\n\t\t\t\t<\/div>\n\t\t<div class=\"elementor-element elementor-element-2b329cd e-con-full e-flex e-con e-child\" data-id=\"2b329cd\" data-element_type=\"container\" data-e-type=\"container\">\n\t\t\t\t<div class=\"elementor-element elementor-element-c3463ea elementor-widget elementor-widget-button\" data-id=\"c3463ea\" data-element_type=\"widget\" data-e-type=\"widget\" data-widget_type=\"button.default\">\n\t\t\t\t<div class=\"elementor-widget-container\">\n\t\t\t\t\t\t\t\t\t<div class=\"elementor-button-wrapper\">\n\t\t\t\t\t<a class=\"elementor-button elementor-button-link elementor-size-sm\" href=\"https:\/\/wa.me\/22676669366\">\n\t\t\t\t\t\t<span class=\"elementor-button-content-wrapper\">\n\t\t\t\t\t\t<span class=\"elementor-button-icon\">\n\t\t\t\t\t\t\t<\/span>\n\t\t\t\t\t\t\t\t\t<span class=\"elementor-button-text\">Devenir membre<\/span>\n\t\t\t\t\t<\/span>\n\t\t\t\t\t<\/a>\n\t\t\t\t<\/div>\n\t\t\t\t\t\t\t\t<\/div>\n\t\t\t\t<\/div>\n\t\t\t\t<\/div>\n\t\t\t\t\t<\/div>\n\t\t\t\t<\/div>\n\t\t\t\t\t<\/div>\n\t\t\t\t<\/div>\n\t\t\t\t<\/div>\n\t\t","protected":false},"excerpt":{"rendered":"<p>A propos de CSDPAR La personne \u00e2g\u00e9e, consid\u00e9r\u00e9e comme un \u00eatre tr\u00e8s fragile et sensible, a besoin d&#8217;une attention particuli\u00e8re et d&#8217;un \u00e9panouissement total. A cet effet, \u00e0 travers son organisation, elle est parvenue \u00e0 cr\u00e9er le Centre d\u2019Accueil d\u2019\u00c9coute et de Soins pour les Personnes \u00e2g\u00e9es et Retrait\u00e9es (CAES\/PAR) en 2002, pour garantir la [&hellip;]<\/p>\n","protected":false},"author":1,"featured_media":0,"parent":0,"menu_order":0,"comment_status":"closed","ping_status":"closed","template":"","meta":{"_acf_changed":false,"footnotes":""},"class_list":["post-1034","page","type-page","status-publish","hentry"],"blocksy_meta":{"has_hero_section":"disabled","vertical_spacing_source":"custom","content_area_spacing":"none","styles_descriptor":{"styles":{"desktop":"","tablet":"","mobile":""},"google_fonts":[],"version":6}},"acf":[],"_links":{"self":[{"href":"https:\/\/csdpar.com\/index.php?rest_route=\/wp\/v2\/pages\/1034","targetHints":{"allow":["GET"]}}],"collection":[{"href":"https:\/\/csdpar.com\/index.php?rest_route=\/wp\/v2\/pages"}],"about":[{"href":"https:\/\/csdpar.com\/index.php?rest_route=\/wp\/v2\/types\/page"}],"author":[{"embeddable":true,"href":"https:\/\/csdpar.com\/index.php?rest_route=\/wp\/v2\/users\/1"}],"replies":[{"embeddable":true,"href":"https:\/\/csdpar.com\/index.php?rest_route=%2Fwp%2Fv2%2Fcomments&post=1034"}],"version-history":[{"count":62,"href":"https:\/\/csdpar.com\/index.php?rest_route=\/wp\/v2\/pages\/1034\/revisions"}],"predecessor-version":[{"id":2742,"href":"https:\/\/csdpar.com\/index.php?rest_route=\/wp\/v2\/pages\/1034\/revisions\/2742"}],"wp:attachment":[{"href":"https:\/\/csdpar.com\/index.php?rest_route=%2Fwp%2Fv2%2Fmedia&parent=1034"}],"curies":[{"name":"wp","href":"https:\/\/api.w.org\/{rel}","templated":true}]}}